{"id":6376,"date":"2021-10-03T17:09:51","date_gmt":"2021-10-03T17:09:51","guid":{"rendered":"https:\/\/testsite.aven.ee\/?page_id=6376"},"modified":"2024-07-19T09:20:06","modified_gmt":"2024-07-19T09:20:06","slug":"sertifikaadid","status":"publish","type":"page","link":"https:\/\/testsite.aven.ee\/et\/sertifikaadid\/","title":{"rendered":"Sertifikaadid"},"content":{"rendered":"<div class=\"brz-root__container brz-reset-all\">\n<section id=\"mcbvbgwowvohcxpczxkfmdedcvmcoaixhodx\" class=\"brz-section brz-css-uRSaW brz-css-agU78\">\n<div class=\"brz-slick-slider brz-slick-slider__section\" data-slides-to-show=\"1\" data-slides-to-scroll=\"1\" data-arrows=\"true\" data-dots=\"true\" data-dots-class=\"brz-slick-slider__dots brz-slick-slider__dots--circle\" data-fade=\"false\" data-vertical=\"false\" data-auto-play=\"false\" data-auto-play-speed=\"3000\" data-animation-speed=\"500\" data-swipe=\"true\" data-responsive=\"%5B%7B%22breakpoint%22%3A767%2C%22settings%22%3A%7B%22slidesToShow%22%3A1%2C%22slidesToScroll%22%3A1%7D%7D%5D\">\n<div>\n<div class=\"brz-section__content brz-section--boxed brz-css-m2gMg brz-css-pDvX_\" data-brz-custom-id=\"apvwbxompyzqwwegiszftsqzvrwkmtzgpsye\">\n<div class=\"brz-bg\">\n<div class=\"brz-bg-image\"><\/div>\n<div class=\"brz-bg-color\"><\/div>\n<\/div>\n<div class=\"brz-container brz-css-eb0ks\">\n<div class=\"brz-row__container brz-css-rHVXL brz-css-vx8IS\" data-brz-custom-id=\"iisubzkxvqsoounhhmvqhnsrbjwyevbffseo\">\n<div class=\"brz-bg\"><\/div>\n<div class=\"brz-row brz-css-mdJfn brz-css-yskQy\">\n<div class=\"brz-columns brz-css-dKK2I brz-css-j0PS9\" data-brz-custom-id=\"rozxnfjfpjldwrlzluvnwevstotctjirxzqb\">\n<div class=\"brz-bg\"><\/div>\n<div class=\"brz-column__items brz-css-zvhwf brz-css-pEiWi\">\n<div id class=\"brz-css-np4Pj brz-css-nyIBf brz-wrapper\">\n<div class=\"brz-rich-text brz-rich-text__custom brz-css-pomj9\" data-brz-custom-id=\"dpywwtrzctzqgybxmvwjuqwqbobxrgqfuozb\">\n<div data-brz-translate-text=\"1\">\n<p class=\"brz-text-xs-center brz-tp-lg-heading2 brz-css-norkO\" data-generated-css=\"brz-css-tdcgz\" data-uniq-id=\"hippx\"><strong class=\"brz-cp-color8\">Sertifikaadid<\/strong><\/p>\n<\/div>\n<\/div>\n<\/div>\n<div id class=\"brz-css-np4Pj brz-css-h8nuJ brz-css-qYZqf brz-wrapper\">\n<div class=\"brz-spacer brz-css-wGxl8 brz-css-ayV6a\"><\/div>\n<\/div>\n<\/div>\n<\/div>\n<\/div>\n<\/div>\n<\/div>\n<\/div>\n<\/div>\n<\/div>\n<\/section>\n<section id=\"bixbrovmwlzvdowrfszuexfbjjjrzqrgufet\" class=\"brz-section brz-css-uRSaW\">\n<div class=\"brz-section__content brz-section--boxed brz-css-m2gMg brz-css-lIiY1\" data-brz-custom-id=\"qvotgjyacjprehtwtcfmxlokbnmjipvgccgk\">\n<div class=\"brz-bg\">\n<div class=\"brz-bg-color\"><\/div>\n<\/div>\n<div class=\"brz-container brz-css-eb0ks brz-css-nXM94\">\n<div id class=\"brz-css-np4Pj brz-wrapper\">\n<div class=\"brz-rich-text brz-rich-text__custom brz-css-pomj9\" data-brz-custom-id=\"sivuxjjscfdswzdpfbwijrfpfmogyitfnjge\">\n<div data-brz-translate-text=\"1\">\n<p data-uniq-id=\"sunaa\" data-generated-css=\"brz-css-vpaxo\" class=\"brz-tp-lg-paragraph brz-css-cNICN\"><span class=\"brz-cp-color7\">Meie ettev&otilde;ttel on k&otilde;ik toodete kvaliteeti ja CE standarditele vastavust t&otilde;endavad sertifikaadid. Pakume k&otilde;igile oma toodetele kvaliteetse, v&otilde;imalikult soodsa ja ratsionaalse, headele tootmistavadele vastava lahenduse. K&otilde;ik tootmisprotsessid dokumenteeritakse, millega tagatakse protsessi j&auml;lgitavus. Hoiame klienti kursis k&otilde;igi tootmisahela etappidega ja vajadusel konsulteerime olulistes k&uuml;simustes. <\/span><\/p>\n<p data-uniq-id=\"sunaa\" data-generated-css=\"brz-css-vpaxo\" class=\"brz-tp-lg-paragraph brz-css-wfYL8\"><span class=\"brz-cp-color7\">K&otilde;ik tooted ja projektid v&auml;ljastatakse koos n&otilde;uetekohase dokumentatsiooniga, materjalide ja pinnakatete sertifikaatidega, toimivusdeklaratsiooni ja CE m&auml;rgisega. Tootmine on sertifitseeritud ning vastab EN 1090-2:2018, EN 1090-3:2019 ning EXC3 ja 3834-2 standarditele.&nbsp;<\/span><\/p>\n<\/div>\n<\/div>\n<\/div>\n<div id class=\"brz-css-np4Pj brz-css-h8nuJ brz-wrapper\">\n<div class=\"brz-spacer brz-css-wGxl8 brz-css-nXoBY\"><\/div>\n<\/div>\n<div class=\"brz-row__container brz-css-rHVXL\" data-brz-custom-id=\"bwjskfsdvouudkbhoaleawgdbqhxkhglaywm\">\n<div class=\"brz-bg\"><\/div>\n<div class=\"brz-row brz-css-mdJfn brz-css-yskQy\">\n<div class=\"brz-columns brz-css-dKK2I brz-css-ooYUk\" data-brz-custom-id=\"epezydvpuvidfmzgodmynliaymhxspwumkrd\">\n<div class=\"brz-bg\">\n<div class=\"brz-bg-color\"><\/div>\n<\/div>\n<div class=\"brz-column__items brz-css-zvhwf brz-css-oyRBC\">\n<div id class=\"brz-css-np4Pj brz-css-hzvoj brz-wrapper\">\n<div class=\"brz-image brz-image__lightbox brz-css-fyrbH\" data-brz-custom-id=\"diimvvmlezsspprwskdihiddhqyzlidgnycn\"><a class=\"brz-a\" href=\"https:\/\/testsite.aven.ee\/wp-content\/uploads\/2021\/10\/EN-1090-1-2009A1-2011-scaled.jpg\" target=\"_self\" rel=\"noopener\" data-brz-link-type=\"lightBox\"><img decoding=\"async\" class=\"brz-img\" src=\"http:\/\/testsite.aven.ee\/wp-content\/uploads\/brizy\/imgs\/EN-1090-1-2009A1-2011-scaled-240x341x7x0x233x341x1636062504.jpg\" alt=\"\" loading=\"lazy\"><\/a><\/div>\n<\/div>\n<div id class=\"brz-css-np4Pj brz-css-ai_Ul brz-wrapper\">\n<div class=\"brz-rich-text brz-rich-text__custom brz-css-pomj9\" data-brz-custom-id=\"ozdqtcizwvayxivfyrmxcfxjmmnuagcgfdka\">\n<div data-brz-translate-text=\"1\">\n<p class=\"brz-fss-lg-px brz-fw-lg-300 brz-ls-lg-0 brz-lh-lg-1_5 brz-tp-lg-empty brz-ff-noto_serif brz-ft-google brz-fs-lg-16 brz-css-comwX\" data-uniq-id=\"srtur\" data-generated-css=\"brz-css-kvrri\"><em class=\"brz-cp-color7\">EN 1090-1:2009+A1:2011<\/em><\/p>\n<\/div>\n<\/div>\n<\/div>\n<\/div>\n<\/div>\n<div class=\"brz-columns brz-css-dKK2I brz-css-aRzOt\" data-brz-custom-id=\"iqwumjphfxhwvwdsdfjvkgabbublimplsiht\">\n<div class=\"brz-bg\">\n<div class=\"brz-bg-color\"><\/div>\n<\/div>\n<div class=\"brz-column__items brz-css-zvhwf brz-css-w_qBu\">\n<div id class=\"brz-css-np4Pj brz-css-nxDHX brz-wrapper\">\n<div class=\"brz-image brz-image__lightbox brz-css-qUs2P\" data-brz-custom-id=\"pdosozazwluhbvgvtrzniroxhqjxnsqcusny\"><a class=\"brz-a\" href=\"https:\/\/testsite.aven.ee\/wp-content\/uploads\/2021\/10\/EVS-EN-ISO-3834-2-scaled.jpg\" target=\"_self\" rel=\"noopener\" data-brz-link-type=\"lightBox\"><img decoding=\"async\" class=\"brz-img\" src=\"http:\/\/testsite.aven.ee\/wp-content\/uploads\/brizy\/imgs\/EVS-EN-ISO-3834-2-scaled-240x342x7x0x233x342x1636062504.jpg\" alt=\"\" loading=\"lazy\"><\/a><\/div>\n<\/div>\n<div id class=\"brz-css-np4Pj brz-css-w8yoY brz-wrapper\">\n<div class=\"brz-rich-text brz-rich-text__custom brz-css-pomj9\" data-brz-custom-id=\"ywwpghedibkmfyhqpxhdthrmwfqurvtsnavv\">\n<div data-brz-translate-text=\"1\">\n<p class=\"brz-ff-noto_serif brz-ft-google brz-fs-lg-16 brz-fss-lg-px brz-fw-lg-300 brz-ls-lg-0 brz-lh-lg-1_5 brz-tp-lg-empty brz-css-c2v4g\" data-generated-css=\"brz-css-styzz\" data-uniq-id=\"hsodm\"><em class=\"brz-cp-color7\">EVS-EN ISO 3834-2<\/em><\/p>\n<\/div>\n<\/div>\n<\/div>\n<\/div>\n<\/div>\n<div class=\"brz-columns brz-css-dKK2I brz-css-pEhl5\" data-brz-custom-id=\"juhvmoarxamypbchaeprccoujoghbgytsmqc\">\n<div class=\"brz-bg\">\n<div class=\"brz-bg-color\"><\/div>\n<\/div>\n<div class=\"brz-column__items brz-css-zvhwf brz-css-qiEA8\">\n<div id class=\"brz-css-np4Pj brz-css-w7oCr brz-wrapper\">\n<div class=\"brz-image brz-image__lightbox brz-css-gXu1d\" data-brz-custom-id=\"iezlvwkqjqofqhqsgkfsgmirfczhuvxvxtua\"><a class=\"brz-a\" href=\"https:\/\/testsite.aven.ee\/wp-content\/uploads\/2021\/10\/EN1090-2-2018-ja-EN-1090-3-2019-scaled.jpg\" target=\"_self\" rel=\"noopener\" data-brz-link-type=\"lightBox\"><img decoding=\"async\" class=\"brz-img\" src=\"http:\/\/testsite.aven.ee\/wp-content\/uploads\/brizy\/imgs\/EN1090-2-2018-ja-EN-1090-3-2019-scaled-240x341x7x0x233x341x1636062504.jpg\" alt=\"\" loading=\"lazy\"><\/a><\/div>\n<\/div>\n<div id class=\"brz-css-np4Pj brz-css-xgqrv brz-wrapper\">\n<div class=\"brz-rich-text brz-rich-text__custom brz-css-pomj9\" data-brz-custom-id=\"vcsrwbtmfqlqogdiilhwdawlarmnahquzcym\">\n<div data-brz-translate-text=\"1\">\n<p class=\"brz-tp-lg-empty brz-lh-lg-1_5 brz-ls-lg-0 brz-fw-lg-300 brz-fss-lg-px brz-fs-lg-16 brz-ft-google brz-ff-noto_serif brz-css-d1urC\" data-uniq-id=\"zhpep\" data-generated-css=\"brz-css-jaezr\"><em class=\"brz-cp-color7\">EN ISO 1090-2:2018, <\/em><\/p>\n<p class=\"brz-tp-lg-empty brz-lh-lg-1_5 brz-ls-lg-0 brz-fw-lg-300 brz-fss-lg-px brz-fs-lg-16 brz-ft-google brz-ff-noto_serif brz-css-nJn9z\" data-uniq-id=\"zhpep\" data-generated-css=\"brz-css-jaezr\"><em class=\"brz-cp-color7\">EN 1090-3:2019<\/em><\/p>\n<\/div>\n<\/div>\n<\/div>\n<\/div>\n<\/div>\n<div class=\"brz-columns brz-css-dKK2I brz-css-g1DvR\" data-brz-custom-id=\"uuqnuntvhaoxiykqwgxetammpakwuqnjpwca\">\n<div class=\"brz-bg\">\n<div class=\"brz-bg-color\"><\/div>\n<\/div>\n<div class=\"brz-column__items brz-css-zvhwf brz-css-lexoy\">\n<div id class=\"brz-css-np4Pj brz-css-zFfH9 brz-wrapper\">\n<div class=\"brz-image brz-image__lightbox brz-css-roqs6\" data-brz-custom-id=\"dejlsxzelyyoczfwsuglquijvivtweecruga\"><a class=\"brz-a\" href=\"https:\/\/testsite.aven.ee\/wp-content\/uploads\/2021\/10\/EN-ISO-4063-scaled.jpg\" target=\"_self\" rel=\"noopener\" data-brz-link-type=\"lightBox\"><img decoding=\"async\" class=\"brz-img\" src=\"http:\/\/testsite.aven.ee\/wp-content\/uploads\/brizy\/imgs\/EN-ISO-4063-scaled-238x342x5x0x233x342x1636062504.jpg\" alt=\"\" loading=\"lazy\"><\/a><\/div>\n<\/div>\n<div id class=\"brz-css-np4Pj brz-css-aX9o3 brz-wrapper\">\n<div class=\"brz-rich-text brz-rich-text__custom brz-css-pomj9\" data-brz-custom-id=\"zbhhfbgcxuflbnppqygdyjrgpvhegdzevkog\">\n<div data-brz-translate-text=\"1\">\n<p class=\"brz-ff-noto_serif brz-ft-google brz-fs-lg-16 brz-fss-lg-px brz-fw-lg-300 brz-ls-lg-0 brz-lh-lg-1_5 brz-tp-lg-empty brz-css-dWMcQ\" data-generated-css=\"brz-css-xwtwx\" data-uniq-id=\"cnabd\"><em class=\"brz-cp-color7\">EVS-EN ISO 3834-2<\/em><\/p>\n<\/div>\n<\/div>\n<\/div>\n<\/div>\n<\/div>\n<\/div>\n<\/div>\n<div id class=\"brz-css-np4Pj brz-css-h8nuJ brz-wrapper\">\n<div class=\"brz-spacer brz-css-wGxl8 brz-css-ay3HK\"><\/div>\n<\/div>\n<\/div>\n<\/div>\n<\/section>\n<section id=\"lxqmvccyrzhrgdtzgtmazlaipztsrowdxikw\" class=\"brz-section brz-css-uRSaW\">\n<div class=\"brz-section__content brz-section--boxed brz-css-m2gMg brz-css-lmHSd\" data-brz-custom-id=\"ipjdfcwvwwjgvweywzpcjndjayjojjbkhyzc\">\n<div class=\"brz-bg\">\n<div class=\"brz-bg-color\"><\/div>\n<\/div>\n<div class=\"brz-container brz-css-eb0ks\">\n<div id class=\"brz-css-np4Pj brz-wrapper\">\n<div class=\"brz-line brz-line-default brz-css-xfxoa brz-css-sLsLV\" data-brz-custom-id=\"vmpwwmpesjamvtmdsamfginuyinntrvdjkxa\">\n<hr class=\"brz-hr\"><\/div>\n<\/div>\n<div id class=\"brz-css-np4Pj brz-css-h8nuJ brz-css-pG1lB brz-wrapper\">\n<div class=\"brz-spacer brz-css-wGxl8 brz-css-p_hoh\"><\/div>\n<\/div>\n<div class=\"brz-row__container brz-css-rHVXL\" data-brz-custom-id=\"isvfiwmjzkfmjunjadgsvioinlgygvkqqkod\">\n<div class=\"brz-bg\"><\/div>\n<div class=\"brz-row brz-css-mdJfn brz-css-yskQy\">\n<div class=\"brz-columns brz-css-dKK2I brz-css-lV_1Z\" data-brz-custom-id=\"sdplmjfnetrfovddrsviwkjbeyrhznliieev\">\n<div class=\"brz-bg\"><\/div>\n<div class=\"brz-column__items brz-css-zvhwf brz-css-aL5yS\">\n<div id class=\"brz-css-np4Pj brz-wrapper\">\n<div class=\"brz-rich-text brz-rich-text__custom brz-css-pomj9\" data-brz-custom-id=\"ahjsvgowaangxeboibvdrhmmtdazroanlzlq\">\n<div data-brz-translate-text=\"1\">\n<p class=\"brz-tp-lg-paragraph brz-text-xs-center brz-css-nlx44\" data-uniq-id=\"zoxwo\" data-generated-css=\"brz-css-isdjp\"><span class=\"brz-cp-color6\">&copy; Aven O&Uuml; 2022<\/span><\/p>\n<\/div>\n<\/div>\n<\/div>\n<\/div>\n<\/div>\n<div class=\"brz-columns brz-css-dKK2I brz-css-g5cBb\" data-brz-custom-id=\"tajkzifuilqkxftguudpzvlbncmsuhdbavnp\">\n<div class=\"brz-bg\"><\/div>\n<div class=\"brz-column__items brz-css-zvhwf brz-css-yDiBw\">\n<div class=\"brz-wrapper-clone brz-css-hcHJf\">\n<div class=\"brz-d-xs-flex brz-flex-xs-wrap brz-css-ahFmW brz-css-wu56r\" data-brz-custom-id>\n<div class=\"brz-wrapper-clone__item\" id=\"bgrbuiozxoxczhwxiamaigbnujozursqbrkb\">\n<div class=\"brz-icon__container\" data-brz-custom-id=\"bgrbuiozxoxczhwxiamaigbnujozursqbrkb\"><a class=\"brz-a\" href=\"https:\/\/www.youtube.com\/channel\/UCEO2y6TKl3cCS3OETlVI9iA\" target=\"_blank\" rel=\"noopener\" data-brz-link-type=\"external\"><span class=\"brz-icon brz-span brz-css-tw0Jf brz-css-qmfl2\"><\/span><\/a><\/div>\n<\/div>\n<\/div>\n<\/div>\n<\/div>\n<\/div>\n<\/div>\n<\/div>\n<\/div>\n<\/div>\n<\/section>\n<\/div>\n<p><!-- version:1721380806 --><\/p>\n","protected":false},"excerpt":{"rendered":"<p>Sertifikaadid Meie ettev&otilde;ttel on k&otilde;ik toodete kvaliteeti ja CE standarditele vastavust t&otilde;endavad sertifikaadid. Pakume k&otilde;igile oma toodetele kvaliteetse, v&otilde;imalikult soodsa ja ratsionaalse, headele tootmistavadele vastava lahenduse. K&otilde;ik tootmisprotsessid dokumenteeritakse, millega tagatakse protsessi j&auml;lgitavus. Hoiame klienti kursis k&otilde;igi tootmisahela etappidega ja vajadusel konsulteerime olulistes k&uuml;simustes. K&otilde;ik tooted ja projektid v&auml;ljastatakse koos n&otilde;uetekohase dokumentatsiooniga, materjalide ja pinnakatete&hellip; <a class=\"more-link\" href=\"https:\/\/testsite.aven.ee\/et\/sertifikaadid\/\">Continue reading <span class=\"screen-reader-text\">Sertifikaadid<\/span><\/a><\/p>\n","protected":false},"author":1,"featured_media":0,"parent":0,"menu_order":0,"comment_status":"closed","ping_status":"closed","template":"brizy-blank-template.php","meta":{"footnotes":""},"class_list":["post-6376","page","type-page","status-publish","hentry","entry"],"yoast_head":"<!-- This site is optimized with the Yoast SEO plugin v27.4 - https:\/\/yoast.com\/product\/yoast-seo-wordpress\/ -->\n<title>Sertifikaadid - Aven<\/title>\n<meta name=\"description\" content=\"Meie ettev\u00f5ttel on k\u00f5ik toodete kvaliteeti ja CE standarditele vastavust t\u00f5endavad sertifikaadid.\" \/>\n<meta name=\"robots\" content=\"index, follow, max-snippet:-1, max-image-preview:large, max-video-preview:-1\" \/>\n<link rel=\"canonical\" href=\"http:\/\/testsite.aven.ee\/et\/sertifikaadid\/\" \/>\n<meta property=\"og:locale\" content=\"et_EE\" \/>\n<meta property=\"og:type\" content=\"article\" \/>\n<meta property=\"og:title\" content=\"Sertifikaadid - Aven\" \/>\n<meta property=\"og:description\" content=\"Meie ettev\u00f5ttel on k\u00f5ik toodete kvaliteeti ja CE standarditele vastavust t\u00f5endavad sertifikaadid.\" \/>\n<meta property=\"og:url\" content=\"http:\/\/testsite.aven.ee\/et\/sertifikaadid\/\" \/>\n<meta property=\"og:site_name\" content=\"Aven\" \/>\n<meta property=\"article:modified_time\" content=\"2024-07-19T09:20:06+00:00\" \/>\n<meta property=\"og:image\" content=\"http:\/\/testsite.aven.ee\/wp-content\/uploads\/brizy\/imgs\/EN-1090-1-2009A1-2011-scaled-240x341x7x0x233x341x1636062504.jpg\" \/>\n<meta name=\"twitter:card\" content=\"summary_large_image\" \/>\n<meta name=\"twitter:label1\" content=\"Est. reading time\" \/>\n\t<meta name=\"twitter:data1\" content=\"2 minutit\" \/>\n<script type=\"application\/ld+json\" class=\"yoast-schema-graph\">{\"@context\":\"https:\\\/\\\/schema.org\",\"@graph\":[{\"@type\":\"WebPage\",\"@id\":\"http:\\\/\\\/testsite.aven.ee\\\/en\\\/sertifikaadid\\\/\",\"url\":\"http:\\\/\\\/testsite.aven.ee\\\/en\\\/sertifikaadid\\\/\",\"name\":\"Sertifikaadid - Aven\",\"isPartOf\":{\"@id\":\"http:\\\/\\\/testsite.aven.ee\\\/et\\\/#website\"},\"primaryImageOfPage\":{\"@id\":\"http:\\\/\\\/testsite.aven.ee\\\/en\\\/sertifikaadid\\\/#primaryimage\"},\"image\":{\"@id\":\"http:\\\/\\\/testsite.aven.ee\\\/en\\\/sertifikaadid\\\/#primaryimage\"},\"thumbnailUrl\":\"http:\\\/\\\/testsite.aven.ee\\\/wp-content\\\/uploads\\\/brizy\\\/imgs\\\/EN-1090-1-2009A1-2011-scaled-240x341x7x0x233x341x1636062504.jpg\",\"datePublished\":\"2021-10-03T17:09:51+00:00\",\"dateModified\":\"2024-07-19T09:20:06+00:00\",\"description\":\"Meie ettev\u00f5ttel on k\u00f5ik toodete kvaliteeti ja CE standarditele vastavust t\u00f5endavad sertifikaadid.\",\"breadcrumb\":{\"@id\":\"http:\\\/\\\/testsite.aven.ee\\\/en\\\/sertifikaadid\\\/#breadcrumb\"},\"inLanguage\":\"et\",\"potentialAction\":[{\"@type\":\"ReadAction\",\"target\":[\"http:\\\/\\\/testsite.aven.ee\\\/en\\\/sertifikaadid\\\/\"]}]},{\"@type\":\"ImageObject\",\"inLanguage\":\"et\",\"@id\":\"http:\\\/\\\/testsite.aven.ee\\\/en\\\/sertifikaadid\\\/#primaryimage\",\"url\":\"http:\\\/\\\/testsite.aven.ee\\\/wp-content\\\/uploads\\\/brizy\\\/imgs\\\/EN-1090-1-2009A1-2011-scaled-240x341x7x0x233x341x1636062504.jpg\",\"contentUrl\":\"http:\\\/\\\/testsite.aven.ee\\\/wp-content\\\/uploads\\\/brizy\\\/imgs\\\/EN-1090-1-2009A1-2011-scaled-240x341x7x0x233x341x1636062504.jpg\"},{\"@type\":\"BreadcrumbList\",\"@id\":\"http:\\\/\\\/testsite.aven.ee\\\/en\\\/sertifikaadid\\\/#breadcrumb\",\"itemListElement\":[{\"@type\":\"ListItem\",\"position\":1,\"name\":\"Home\",\"item\":\"http:\\\/\\\/testsite.aven.ee\\\/et\\\/\"},{\"@type\":\"ListItem\",\"position\":2,\"name\":\"Sertifikaadid\"}]},{\"@type\":\"WebSite\",\"@id\":\"http:\\\/\\\/testsite.aven.ee\\\/et\\\/#website\",\"url\":\"http:\\\/\\\/testsite.aven.ee\\\/et\\\/\",\"name\":\"Aven\",\"description\":\"Aven O\u00dc\u2013kandvate teraselementide tootmine\",\"potentialAction\":[{\"@type\":\"SearchAction\",\"target\":{\"@type\":\"EntryPoint\",\"urlTemplate\":\"http:\\\/\\\/testsite.aven.ee\\\/et\\\/?s={search_term_string}\"},\"query-input\":{\"@type\":\"PropertyValueSpecification\",\"valueRequired\":true,\"valueName\":\"search_term_string\"}}],\"inLanguage\":\"et\"}]}<\/script>\n<!-- \/ Yoast SEO plugin. -->","yoast_head_json":{"title":"Sertifikaadid - Aven","description":"Meie ettev\u00f5ttel on k\u00f5ik toodete kvaliteeti ja CE standarditele vastavust t\u00f5endavad sertifikaadid.","robots":{"index":"index","follow":"follow","max-snippet":"max-snippet:-1","max-image-preview":"max-image-preview:large","max-video-preview":"max-video-preview:-1"},"canonical":"http:\/\/testsite.aven.ee\/et\/sertifikaadid\/","og_locale":"et_EE","og_type":"article","og_title":"Sertifikaadid - Aven","og_description":"Meie ettev\u00f5ttel on k\u00f5ik toodete kvaliteeti ja CE standarditele vastavust t\u00f5endavad sertifikaadid.","og_url":"http:\/\/testsite.aven.ee\/et\/sertifikaadid\/","og_site_name":"Aven","article_modified_time":"2024-07-19T09:20:06+00:00","og_image":[{"url":"http:\/\/testsite.aven.ee\/wp-content\/uploads\/brizy\/imgs\/EN-1090-1-2009A1-2011-scaled-240x341x7x0x233x341x1636062504.jpg","type":"","width":"","height":""}],"twitter_card":"summary_large_image","twitter_misc":{"Est. reading time":"2 minutit"},"schema":{"@context":"https:\/\/schema.org","@graph":[{"@type":"WebPage","@id":"http:\/\/testsite.aven.ee\/en\/sertifikaadid\/","url":"http:\/\/testsite.aven.ee\/en\/sertifikaadid\/","name":"Sertifikaadid - Aven","isPartOf":{"@id":"http:\/\/testsite.aven.ee\/et\/#website"},"primaryImageOfPage":{"@id":"http:\/\/testsite.aven.ee\/en\/sertifikaadid\/#primaryimage"},"image":{"@id":"http:\/\/testsite.aven.ee\/en\/sertifikaadid\/#primaryimage"},"thumbnailUrl":"http:\/\/testsite.aven.ee\/wp-content\/uploads\/brizy\/imgs\/EN-1090-1-2009A1-2011-scaled-240x341x7x0x233x341x1636062504.jpg","datePublished":"2021-10-03T17:09:51+00:00","dateModified":"2024-07-19T09:20:06+00:00","description":"Meie ettev\u00f5ttel on k\u00f5ik toodete kvaliteeti ja CE standarditele vastavust t\u00f5endavad sertifikaadid.","breadcrumb":{"@id":"http:\/\/testsite.aven.ee\/en\/sertifikaadid\/#breadcrumb"},"inLanguage":"et","potentialAction":[{"@type":"ReadAction","target":["http:\/\/testsite.aven.ee\/en\/sertifikaadid\/"]}]},{"@type":"ImageObject","inLanguage":"et","@id":"http:\/\/testsite.aven.ee\/en\/sertifikaadid\/#primaryimage","url":"http:\/\/testsite.aven.ee\/wp-content\/uploads\/brizy\/imgs\/EN-1090-1-2009A1-2011-scaled-240x341x7x0x233x341x1636062504.jpg","contentUrl":"http:\/\/testsite.aven.ee\/wp-content\/uploads\/brizy\/imgs\/EN-1090-1-2009A1-2011-scaled-240x341x7x0x233x341x1636062504.jpg"},{"@type":"BreadcrumbList","@id":"http:\/\/testsite.aven.ee\/en\/sertifikaadid\/#breadcrumb","itemListElement":[{"@type":"ListItem","position":1,"name":"Home","item":"http:\/\/testsite.aven.ee\/et\/"},{"@type":"ListItem","position":2,"name":"Sertifikaadid"}]},{"@type":"WebSite","@id":"http:\/\/testsite.aven.ee\/et\/#website","url":"http:\/\/testsite.aven.ee\/et\/","name":"Aven","description":"Aven O\u00dc\u2013kandvate teraselementide tootmine","potentialAction":[{"@type":"SearchAction","target":{"@type":"EntryPoint","urlTemplate":"http:\/\/testsite.aven.ee\/et\/?s={search_term_string}"},"query-input":{"@type":"PropertyValueSpecification","valueRequired":true,"valueName":"search_term_string"}}],"inLanguage":"et"}]}},"_links":{"self":[{"href":"https:\/\/testsite.aven.ee\/et\/wp-json\/wp\/v2\/pages\/6376","targetHints":{"allow":["GET"]}}],"collection":[{"href":"https:\/\/testsite.aven.ee\/et\/wp-json\/wp\/v2\/pages"}],"about":[{"href":"https:\/\/testsite.aven.ee\/et\/wp-json\/wp\/v2\/types\/page"}],"author":[{"embeddable":true,"href":"https:\/\/testsite.aven.ee\/et\/wp-json\/wp\/v2\/users\/1"}],"replies":[{"embeddable":true,"href":"https:\/\/testsite.aven.ee\/et\/wp-json\/wp\/v2\/comments?post=6376"}],"version-history":[{"count":5,"href":"https:\/\/testsite.aven.ee\/et\/wp-json\/wp\/v2\/pages\/6376\/revisions"}],"predecessor-version":[{"id":17053,"href":"https:\/\/testsite.aven.ee\/et\/wp-json\/wp\/v2\/pages\/6376\/revisions\/17053"}],"wp:attachment":[{"href":"https:\/\/testsite.aven.ee\/et\/wp-json\/wp\/v2\/media?parent=6376"}],"curies":[{"name":"wp","href":"https:\/\/api.w.org\/{rel}","templated":true}]}}