{"id":7,"date":"2021-05-30T15:54:49","date_gmt":"2021-05-30T15:54:49","guid":{"rendered":"https:\/\/testsite.aven.ee\/?page_id=7"},"modified":"2024-07-18T08:28:08","modified_gmt":"2024-07-18T08:28:08","slug":"esileht","status":"publish","type":"page","link":"https:\/\/testsite.aven.ee\/et","title":{"rendered":"Esileht"},"content":{"rendered":"<div class=\"brz-root__container brz-reset-all\">\n<section id=\"jxfvdvcrjkgijaufujrfxbdkmuyesuzwoocm\" class=\"brz-section brz-css-vgbJY brz-css-hmtQC\">\n<div class=\"brz-slick-slider brz-slick-slider__section\" data-slides-to-show=\"1\" data-slides-to-scroll=\"1\" data-arrows=\"true\" data-dots=\"true\" data-dots-class=\"brz-slick-slider__dots brz-slick-slider__dots--circle\" data-fade=\"false\" data-vertical=\"false\" data-auto-play=\"false\" data-auto-play-speed=\"3000\" data-animation-speed=\"500\" data-swipe=\"true\" data-responsive=\"%5B%7B%22breakpoint%22%3A767%2C%22settings%22%3A%7B%22slidesToShow%22%3A1%2C%22slidesToScroll%22%3A1%7D%7D%5D\">\n<div>\n<div class=\"brz-section__content brz-section--boxed brz-css-ljH4Y brz-css-mwMeO\" data-brz-custom-id=\"cbdeuifyhcwfpkdvnszoesqkzwyritarhwfc\">\n<div class=\"brz-bg\">\n<div class=\"brz-bg-image\"><\/div>\n<div class=\"brz-bg-color\"><\/div>\n<\/div>\n<div class=\"brz-container brz-css-iXMRl\">\n<div class=\"brz-row__container brz-css-cJvkU brz-css-pCgtL\" data-brz-custom-id=\"wfcaqpiyulqzwxldnmcykzcivuhoryiovorw\">\n<div class=\"brz-bg\"><\/div>\n<div class=\"brz-row brz-css-q0ZNJ brz-css-vKktu\">\n<div class=\"brz-columns brz-css-lfMfa brz-css-oRekr\" data-brz-custom-id=\"qtqekifgnvlobqsixngxnmlczexxidebubwy\">\n<div class=\"brz-bg\"><\/div>\n<div class=\"brz-column__items brz-css-esr3E brz-css-lmbW1\">\n<div id class=\"brz-css-d30qC brz-css-fs6S1 brz-wrapper\">\n<div class=\"brz-rich-text brz-rich-text__custom brz-css-qCcYy\" data-brz-custom-id=\"twtfjhuvrgjmoqokzvkaiknhpzzachuihyki\">\n<div data-brz-translate-text=\"1\">\n<p class=\"brz-text-xs-center brz-tp-abovetitle brz-css-iwWtw\"><span class=\"brz-cp-color8\"> <\/span><\/p>\n<\/div>\n<\/div>\n<\/div>\n<div id class=\"brz-css-d30qC brz-css-mZpBx brz-wrapper\">\n<div class=\"brz-rich-text brz-rich-text__custom brz-css-qCcYy\" data-brz-custom-id=\"iyodrfqcrxijnbpaolnnezypapekvmajygfy\">\n<div data-brz-translate-text=\"1\">\n<p class=\"brz-text-xs-center brz-tp-lg-heading2 brz-css-ts_Iq\" data-generated-css=\"brz-css-xbwaz\" data-uniq-id=\"htzfd\"><strong class=\"brz-cp-color8\">Targad ja innovaatilised lahendused <\/strong><\/p>\n<\/div>\n<\/div>\n<\/div>\n<div id class=\"brz-css-d30qC brz-css-gVVj6 brz-css-kKluS brz-wrapper\">\n<div class=\"brz-spacer brz-css-gYqn7 brz-css-xF4yU\"><\/div>\n<\/div>\n<div class=\"brz-wrapper-clone brz-css-sFT24\">\n<div class=\"brz-d-xs-flex brz-flex-xs-wrap brz-css-u0Yrf brz-css-xNXrN\" data-brz-custom-id>\n<div class=\"brz-wrapper-clone__item\" id=\"isndmrgxxoimcrrgcygfuxhyyothrtwyrwfl\"><a class=\"brz-a brz-anchor brz-btn brz-css-txIK2 brz-css-s_FHb\" href=\"#pdwcbaejxuhlbpyulajpnktomlyhbpahhfez\" target=\"_self\" rel=\"noopener\" data-brz-link-type=\"anchor\" data-brz-custom-id=\"isndmrgxxoimcrrgcygfuxhyyothrtwyrwfl\"><span data-brz-translate-text=\"1\" class=\"brz-span brz-text__editor\">TEGEVUSVALDKONNAD<\/span><\/a><\/div>\n<\/div>\n<\/div>\n<\/div>\n<\/div>\n<\/div>\n<\/div>\n<\/div>\n<\/div>\n<\/div>\n<\/div>\n<\/section>\n<section id=\"tbusjxodfjluoazdfkdyvamudanlqrrixzdv\" class=\"brz-section brz-css-vgbJY\">\n<div class=\"brz-section__content brz-section--boxed brz-css-ljH4Y brz-css-jtPZI\" data-brz-custom-id=\"rnrfqohdcmuttkbzsijbpwiskarkuzjhlgxh\">\n<div class=\"brz-container brz-css-iXMRl brz-css-i_tD2\">\n<div class=\"brz-row__container brz-css-cJvkU\" data-brz-custom-id=\"sxrpxcguopidxxhoosrgoiamlgaewzpoivkl\">\n<div class=\"brz-bg\"><\/div>\n<div class=\"brz-row brz-css-q0ZNJ brz-css-vKktu\">\n<div class=\"brz-columns brz-css-lfMfa\" data-brz-custom-id=\"srjaygnuikttrgxwmxsztajnttxlbjmhztnb\">\n<div class=\"brz-bg\"><\/div>\n<div class=\"brz-column__items brz-css-esr3E brz-css-sOSA0\">\n<div id class=\"brz-css-d30qC brz-wrapper\">\n<div class=\"brz-rich-text brz-rich-text__custom brz-css-qCcYy\" data-brz-custom-id=\"qmxrngyrqzeixmbumpavbzpidwffxobeslan\">\n<div data-brz-translate-text=\"1\">\n<h2 class=\"brz-text-xs-center brz-tp-lg-heading3 brz-css-mRF6Y\" data-generated-css=\"brz-css-etcpw\" data-uniq-id=\"adqky\"><span class=\"brz-cp-color1\">AVEN O&Uuml; on keevitusettev&otilde;te, mille peamine tegevusvaldkond on terasest t&ouml;&ouml;stus- ja ehituskonstruktsioonide tootmine.<\/span><\/h2>\n<\/div>\n<\/div>\n<\/div>\n<div id class=\"brz-css-d30qC brz-css-gVVj6 brz-wrapper\">\n<div class=\"brz-spacer brz-css-gYqn7 brz-css-rLODo\"><\/div>\n<\/div>\n<\/div>\n<\/div>\n<div class=\"brz-columns brz-css-lfMfa\" data-brz-custom-id=\"dtqxvviqlxxtuokoiyobmhujvfgmqgqwuzun\">\n<div class=\"brz-column__items brz-css-esr3E brz-css-qi5GS\">\n<div id class=\"brz-css-d30qC brz-wrapper\">\n<div class=\"brz-rich-text brz-rich-text__custom brz-css-qCcYy\" data-brz-custom-id=\"unbbqrxglpryilysmgoqapwrmntlvimqcirl\">\n<div data-brz-translate-text=\"1\">\n<p class=\"brz-tp-lg-paragraph brz-text-xs-center brz-css-oRRh2\" data-generated-css=\"brz-css-gifdc\" data-uniq-id=\"cijjk\"><span class=\"brz-cp-color7\">Meie peamiseks sihtgrupiks on B2B ja projektijuhtimisettev&otilde;tted, valmistame t&ouml;&ouml;stuslikke teraskonstruktsioone ning kandvaid ja mittekandvad ehituskonstruktsioone.<\/span><\/p>\n<\/div>\n<\/div>\n<\/div>\n<div id class=\"brz-css-d30qC brz-wrapper\">\n<div class=\"brz-rich-text brz-rich-text__custom brz-css-qCcYy\" data-brz-custom-id=\"qvqlocecbspyhrrzqhpcfqtwiaxrotpyezjo\">\n<div data-brz-translate-text=\"1\">\n<p class=\"brz-tp-lg-paragraph brz-text-xs-center brz-css-d9FtE\" data-generated-css=\"brz-css-hrfax\" data-uniq-id=\"ltlxd\"><span class=\"brz-cp-color7\">Oleme v&otilde;imelised tootma erinevaid ISO 1090-2:2018 ja EN 1090-3:2019 standarditele ning EXC3 ja 3834-2 teostusklassile vastavaid teraskonstruktsioone.<\/span><\/p>\n<\/div>\n<\/div>\n<\/div>\n<div id class=\"brz-css-d30qC brz-css-gVVj6 brz-wrapper\">\n<div class=\"brz-spacer brz-css-gYqn7 brz-css-thVSt\"><\/div>\n<\/div>\n<div class=\"brz-wrapper-clone brz-css-sFT24\">\n<div class=\"brz-d-xs-flex brz-flex-xs-wrap brz-css-u0Yrf brz-css-qgBkD\" data-brz-custom-id>\n<div class=\"brz-wrapper-clone__item\" id=\"lrztshhnbdkubcehnycphvdkxqwotpmkdaiv\"><a class=\"brz-a brz-btn brz-css-txIK2 brz-css-iRvWb\" href=\"https:\/\/www.aven.ee\/et\/ettevottest\/\" target=\"_self\" rel=\"noopener\" data-brz-link-type=\"external\" data-brz-custom-id=\"lrztshhnbdkubcehnycphvdkxqwotpmkdaiv\"><span data-brz-translate-text=\"1\" class=\"brz-span brz-text__editor\">LOE LISAKS<\/span><\/a><\/div>\n<\/div>\n<\/div>\n<\/div>\n<\/div>\n<\/div>\n<\/div>\n<\/div>\n<\/div>\n<\/section>\n<section id=\"pdwcbaejxuhlbpyulajpnktomlyhbpahhfez\" class=\"brz-section brz-css-vgbJY\">\n<div class=\"brz-section__content brz-section--boxed brz-css-ljH4Y brz-css-kjy2f\" data-brz-custom-id=\"kegtzdathfkzjqpqgudewetugjibdgswaobd\">\n<div class=\"brz-bg\">\n<div class=\"brz-bg-color\"><\/div>\n<\/div>\n<div class=\"brz-container brz-css-iXMRl\">\n<div id class=\"brz-css-d30qC brz-wrapper\">\n<div class=\"brz-rich-text brz-rich-text__custom brz-css-qCcYy\" data-brz-custom-id=\"wcziipuleualkrrjxjcolnwtuydookjtwbae\">\n<div data-brz-translate-text=\"1\">\n<h2 class=\"brz-text-lg-center brz-tp-heading2 brz-css-a8N4T\"><span class=\"brz-cp-color1\">Tegevusvaldkonnad<\/span><\/h2>\n<\/div>\n<\/div>\n<\/div>\n<div id class=\"brz-css-d30qC brz-css-gVVj6 brz-css-kU7C4 brz-wrapper\">\n<div class=\"brz-spacer brz-css-gYqn7 brz-css-sBmJc\"><\/div>\n<\/div>\n<div class=\"brz-row__container brz-css-cJvkU\" data-brz-custom-id=\"gnrgwnaegfwsewxfiofzsvrbnenfahdeajcv\">\n<div class=\"brz-bg\"><\/div>\n<div class=\"brz-row brz-css-q0ZNJ brz-css-vKktu\">\n<div class=\"brz-columns brz-css-lfMfa brz-css-dyoLu\" data-brz-custom-id=\"yztkbjwlsimaaxpsiyaispotpigogwavefmj\">\n<div class=\"brz-bg\">\n<div class=\"brz-bg-image\"><\/div>\n<div class=\"brz-bg-color\"><\/div>\n<\/div>\n<div class=\"brz-column__items brz-css-esr3E brz-css-g5gM7\">\n<div id class=\"brz-css-d30qC brz-css-gVVj6 brz-css-mxHgs brz-wrapper\">\n<div class=\"brz-spacer brz-css-gYqn7 brz-css-dMbsD\"><\/div>\n<\/div>\n<div id class=\"brz-css-d30qC brz-css-tDV1P brz-wrapper\">\n<div class=\"brz-rich-text brz-rich-text__custom brz-css-qCcYy\" data-brz-custom-id=\"bnriqxkszsbpdvdzlcvaoolrzhsdxihlbrnp\">\n<div data-brz-translate-text=\"1\">\n<h3 class=\"brz-fw-xs-500 brz-fw-sm-500 brz-fw-lg-500 brz-ft-google brz-ff-montserrat brz-ls-xs-0 brz-ls-sm-0 brz-ls-lg-0 brz-text-lg-center brz-lh-lg-1_4 brz-lh-sm-1_3 brz-lh-xs-1_3 brz-fs-lg-15 brz-fs-sm-14 brz-fs-xs-13 brz-tp-lg-button brz-css-oqZcG\" data-uniq-id=\"lyajm\" data-generated-css=\"brz-css-epqbr\"><span class=\"brz-cp-color8\">T&ouml;&ouml;stuslikud <\/span><\/h3>\n<h3 class=\"brz-fw-xs-500 brz-fw-sm-500 brz-fw-lg-500 brz-ft-google brz-ff-montserrat brz-ls-xs-0 brz-ls-sm-0 brz-ls-lg-0 brz-text-lg-center brz-lh-lg-1_4 brz-lh-sm-1_3 brz-lh-xs-1_3 brz-fs-lg-15 brz-fs-sm-14 brz-fs-xs-13 brz-tp-lg-button brz-css-zY2Og\" data-uniq-id=\"qntxi\" data-generated-css=\"brz-css-vkxwc\"><span class=\"brz-cp-color8\">teraskonstruktsioonid<\/span><\/h3>\n<\/div>\n<\/div>\n<\/div>\n<div id class=\"brz-css-d30qC brz-css-gVVj6 brz-css-fjsF7 brz-wrapper\">\n<div class=\"brz-spacer brz-css-gYqn7 brz-css-wvyxQ\"><\/div>\n<\/div>\n<div class=\"brz-wrapper-clone brz-css-sFT24\">\n<div class=\"brz-d-xs-flex brz-flex-xs-wrap brz-css-u0Yrf\" data-brz-custom-id>\n<div class=\"brz-wrapper-clone__item\" id=\"biurptxsqkkpiwtrdpmwuthuwzdhkjgvieer\"><a class=\"brz-a brz-btn brz-css-txIK2 brz-css-xs8_Y\" href=\"https:\/\/aven.ee\/et\/tegevusvaldkonnad\/#t%C3%B6%C3%B6stuslikud\" target=\"_self\" rel=\"noopener\" data-brz-link-type=\"external\" data-brz-custom-id=\"biurptxsqkkpiwtrdpmwuthuwzdhkjgvieer\"><span data-brz-translate-text=\"1\" class=\"brz-span brz-text__editor\">LOE LISA<\/span><\/a><\/div>\n<\/div>\n<\/div>\n<\/div>\n<\/div>\n<div class=\"brz-columns brz-css-lfMfa brz-css-v1Wlb\" data-brz-custom-id=\"gmvswcgjziwyoyufghzbbzosvpbccucjisnk\">\n<div class=\"brz-bg\">\n<div class=\"brz-bg-image\"><\/div>\n<div class=\"brz-bg-color\"><\/div>\n<\/div>\n<div class=\"brz-column__items brz-css-esr3E brz-css-vmyOk\">\n<div id class=\"brz-css-d30qC brz-css-gVVj6 brz-css-rHTNR brz-wrapper\">\n<div class=\"brz-spacer brz-css-gYqn7 brz-css-sOIBJ\"><\/div>\n<\/div>\n<div id class=\"brz-css-d30qC brz-css-dTTyW brz-wrapper\">\n<div class=\"brz-rich-text brz-rich-text__custom brz-css-qCcYy\" data-brz-custom-id=\"tmkzmvpnpkxjxaaufxoqmxnlreckpnoiyukq\">\n<div data-brz-translate-text=\"1\">\n<p class=\"brz-lh-lg-1_4 brz-ls-lg-m_1 brz-fw-lg-500 brz-fss-lg-px brz-fs-lg-16 brz-ft-google brz-ff-montserrat brz-fs-xs-14 brz-fs-sm-14 brz-text-lg-center brz-tp-lg-button brz-css-sHqQY\" data-generated-css=\"brz-css-upuiz\" data-uniq-id=\"nmovf\"><span class=\"brz-cp-color6\">Kandvad <\/span><\/p>\n<p class=\"brz-lh-lg-1_4 brz-ls-lg-m_1 brz-fw-lg-500 brz-fss-lg-px brz-fs-lg-16 brz-ft-google brz-ff-montserrat brz-fs-xs-14 brz-fs-sm-14 brz-text-lg-center brz-tp-lg-button brz-css-cUlUU\" data-generated-css=\"brz-css-yggbb\" data-uniq-id=\"ebbsk\"><span class=\"brz-cp-color8\">teraskonstruktsioonid <\/span><\/p>\n<\/div>\n<\/div>\n<\/div>\n<div id class=\"brz-css-d30qC brz-css-gVVj6 brz-css-uHqtO brz-wrapper\">\n<div class=\"brz-spacer brz-css-gYqn7 brz-css-pPh_6\"><\/div>\n<\/div>\n<div class=\"brz-wrapper-clone brz-css-sFT24\">\n<div class=\"brz-d-xs-flex brz-flex-xs-wrap brz-css-u0Yrf\" data-brz-custom-id>\n<div class=\"brz-wrapper-clone__item\" id=\"hjpvtnzwptjljievrsidgaaumtdxtdsjhhfb\"><a class=\"brz-a brz-btn brz-css-txIK2 brz-css-qbXj7\" href=\"https:\/\/aven.ee\/et\/tegevusvaldkonnad\/#KANDVAD\" target=\"_self\" rel=\"noopener\" data-brz-link-type=\"external\" data-brz-custom-id=\"hjpvtnzwptjljievrsidgaaumtdxtdsjhhfb\"><span data-brz-translate-text=\"1\" class=\"brz-span brz-text__editor\">LOE LISA<\/span><\/a><\/div>\n<\/div>\n<\/div>\n<\/div>\n<\/div>\n<div class=\"brz-columns brz-css-lfMfa brz-css-jhLnQ\" data-brz-custom-id=\"jiraxuvpdgyxlskhmnziawvdeywkonmkyjdv\">\n<div class=\"brz-bg\">\n<div class=\"brz-bg-image\"><\/div>\n<div class=\"brz-bg-color\"><\/div>\n<\/div>\n<div class=\"brz-column__items brz-css-esr3E brz-css-a2kYy\">\n<div id class=\"brz-css-d30qC brz-css-gVVj6 brz-css-t2oy1 brz-wrapper\">\n<div class=\"brz-spacer brz-css-gYqn7 brz-css-gzhXH\"><\/div>\n<\/div>\n<div id class=\"brz-css-d30qC brz-css-pVHbI brz-wrapper\">\n<div class=\"brz-rich-text brz-rich-text__custom brz-css-qCcYy\" data-brz-custom-id=\"lzcdsqqtkdulvjqwufvkjhjdjpopnnviyrve\">\n<div data-brz-translate-text=\"1\">\n<h4 class=\"brz-fs-xs-15 brz-fw-xs-500 brz-fw-sm-500 brz-fw-lg-500 brz-ft-google brz-ff-montserrat brz-ls-xs-0 brz-ls-sm-0 brz-ls-lg-m_1 brz-lh-xs-1_4 brz-lh-sm-1_4 brz-lh-lg-1_4 brz-text-lg-center brz-fs-lg-15 brz-fs-sm-13 brz-tp-lg-button brz-css-m0FHk\" data-uniq-id=\"fyvqu\" data-generated-css=\"brz-css-kmypb\"><span class=\"brz-cp-color8\">Masinaehituslikud teraskonstruktsioonid<\/span><\/h4>\n<\/div>\n<\/div>\n<\/div>\n<div id class=\"brz-css-d30qC brz-css-gVVj6 brz-css-xQoo6 brz-wrapper\">\n<div class=\"brz-spacer brz-css-gYqn7 brz-css-llQvS\"><\/div>\n<\/div>\n<div class=\"brz-wrapper-clone brz-css-sFT24\">\n<div class=\"brz-d-xs-flex brz-flex-xs-wrap brz-css-u0Yrf\" data-brz-custom-id>\n<div class=\"brz-wrapper-clone__item\" id=\"swxudaamzkydrtdgwdazwhozvrydqfknuqwd\"><a class=\"brz-a brz-btn brz-css-txIK2 brz-css-nFCC_\" href=\"https:\/\/aven.ee\/et\/tegevusvaldkonnad\/#MASINAEHITUSLIKUD\" target=\"_self\" rel=\"noopener\" data-brz-link-type=\"external\" data-brz-custom-id=\"swxudaamzkydrtdgwdazwhozvrydqfknuqwd\"><span data-brz-translate-text=\"1\" class=\"brz-span brz-text__editor\">LOE LISA<\/span><\/a><\/div>\n<\/div>\n<\/div>\n<\/div>\n<\/div>\n<div class=\"brz-columns brz-css-lfMfa brz-css-pFkNp\" data-brz-custom-id=\"nrpvrvixbxsilhzhgcreyzwepyeclavluqdk\">\n<div class=\"brz-bg\">\n<div class=\"brz-bg-image\"><\/div>\n<div class=\"brz-bg-color\"><\/div>\n<\/div>\n<div class=\"brz-column__items brz-css-esr3E brz-css-yA0iL\">\n<div id class=\"brz-css-d30qC brz-css-gVVj6 brz-css-dsKVU brz-wrapper\">\n<div class=\"brz-spacer brz-css-gYqn7 brz-css-mWOfN\"><\/div>\n<\/div>\n<div id class=\"brz-css-d30qC brz-wrapper\">\n<div class=\"brz-rich-text brz-rich-text__custom brz-css-qCcYy\" data-brz-custom-id=\"btbdiyouzcxrfjxtsgxdrpsxhvfdsautyihe\">\n<div data-brz-translate-text=\"1\">\n<h4 class=\"brz-fs-sm-13 brz-fs-lg-15 brz-fw-xs-500 brz-fw-sm-500 brz-fw-lg-500 brz-ft-google brz-ff-montserrat brz-ls-xs-0 brz-ls-sm-0 brz-ls-lg-m_1 brz-lh-xs-1_4 brz-lh-sm-1_4 brz-lh-lg-1_4 brz-text-lg-center brz-fs-xs-15 brz-tp-lg-button brz-css-qvvbe\" data-generated-css=\"brz-css-fhqwo\" data-uniq-id=\"kwswf\"><span class=\"brz-cp-color8\">Muud tooted<\/span><\/h4>\n<h4 class=\"brz-fs-sm-13 brz-fs-lg-15 brz-fw-xs-500 brz-fw-sm-500 brz-fw-lg-500 brz-ft-google brz-ff-montserrat brz-ls-xs-0 brz-ls-sm-0 brz-ls-lg-m_1 brz-lh-xs-1_4 brz-lh-sm-1_4 brz-lh-lg-1_4 brz-text-lg-center brz-fs-xs-15 brz-tp-lg-button brz-css-dhdDp\" data-generated-css=\"brz-css-fhqwo\" data-uniq-id=\"kwswf\"><span class=\"brz-cp-color8\"> <\/span><\/h4>\n<\/div>\n<\/div>\n<\/div>\n<div id class=\"brz-css-d30qC brz-css-gVVj6 brz-css-fYeRc brz-wrapper\">\n<div class=\"brz-spacer brz-css-gYqn7 brz-css-xtDAU\"><\/div>\n<\/div>\n<div class=\"brz-wrapper-clone brz-css-sFT24\">\n<div class=\"brz-d-xs-flex brz-flex-xs-wrap brz-css-u0Yrf\" data-brz-custom-id>\n<div class=\"brz-wrapper-clone__item\" id=\"lekurxyplzwrvjsrhbstuzsegnnzwhunovkb\"><a class=\"brz-a brz-btn brz-css-txIK2 brz-css-x4vn7\" href=\"https:\/\/aven.ee\/et\/tegevusvaldkonnad\/#MUUD%20TOOTED\" target=\"_self\" rel=\"noopener\" data-brz-link-type=\"external\" data-brz-custom-id=\"lekurxyplzwrvjsrhbstuzsegnnzwhunovkb\"><span data-brz-translate-text=\"1\" class=\"brz-span brz-text__editor\">LOE LISA<\/span><\/a><\/div>\n<\/div>\n<\/div>\n<\/div>\n<\/div>\n<\/div>\n<\/div>\n<div class=\"brz-row__container brz-css-cJvkU\" data-brz-custom-id=\"swbgggjhwxyjvcpvvmvnxbrtlqtugqnbhzgu\">\n<div class=\"brz-bg\"><\/div>\n<div class=\"brz-row brz-css-q0ZNJ\">\n<div class=\"brz-columns brz-css-lfMfa brz-css-sOu2s\" data-brz-custom-id=\"xlirbxloqsqmgvvuphyjtovlrnxghkmtedrw\">\n<div class=\"brz-bg\"><\/div>\n<div class=\"brz-column__items brz-css-esr3E\">\n<div id class=\"brz-css-d30qC brz-css-gVVj6 brz-wrapper\">\n<div class=\"brz-spacer brz-css-gYqn7\"><\/div>\n<\/div>\n<div id class=\"brz-css-d30qC brz-wrapper\">\n<div class=\"brz-rich-text brz-rich-text__custom brz-css-qCcYy\" data-brz-custom-id=\"hhpqmklgosrsutmlosfyfvwvtjxnoupactzw\">\n<div data-brz-translate-text=\"1\">\n<h2 class=\"brz-tp-heading2 brz-text-lg-center brz-css-qKQzW\"><span class=\"brz-cp-color1\">Meie asukoht<\/span><\/h2>\n<\/div>\n<\/div>\n<\/div>\n<\/div>\n<\/div>\n<\/div>\n<\/div>\n<div id class=\"brz-css-d30qC brz-wrapper\">\n<div class=\"brz-rich-text brz-rich-text__custom brz-css-qCcYy\" data-brz-custom-id=\"klxgwxtsfotwuvewkkkavxekcuyqjurofkbv\">\n<div data-brz-translate-text=\"1\">\n<p class=\"brz-tp-paragraph brz-text-lg-center brz-css-eLlUo\"><span class=\"brz-cp-color1\">Kukermiidi 14, Tallinn 11216 <\/span><\/p>\n<\/div>\n<\/div>\n<\/div>\n<div class=\"brz-row__container brz-css-cJvkU\" data-brz-custom-id=\"qctkgacskoszaeqpvwxfnxstmqfkqrnztzpd\">\n<div class=\"brz-bg\"><\/div>\n<div class=\"brz-row brz-css-q0ZNJ\">\n<div class=\"brz-columns brz-css-lfMfa brz-css-oYkkh\" data-brz-custom-id=\"dpjbkgkpvfyqgcpqmrajxjogolvzzrshekeg\">\n<div class=\"brz-bg\"><\/div>\n<div class=\"brz-column__items brz-css-esr3E\">\n<div id class=\"brz-css-d30qC brz-wrapper\">\n<div class=\"brz-map brz-map_styles brz-css-yKMhD brz-css-sKzI_\" data-brz-custom-id=\"dcvhmsdbccqbllpqvewcedbetijxyfmaabru\">\n<div class=\"brz-ui-ed-map-content\"><\/div>\n<\/div>\n<\/div>\n<\/div>\n<\/div>\n<\/div>\n<\/div>\n<\/div>\n<\/div>\n<\/section>\n<section id=\"lxqmvccyrzhrgdtzgtmazlaipztsrowdxikw\" class=\"brz-section brz-css-vgbJY\">\n<div class=\"brz-section__content brz-section--boxed brz-css-ljH4Y brz-css-aSDoE\" data-brz-custom-id=\"ipjdfcwvwwjgvweywzpcjndjayjojjbkhyzc\">\n<div class=\"brz-bg\">\n<div class=\"brz-bg-color\"><\/div>\n<\/div>\n<div class=\"brz-container brz-css-iXMRl\">\n<div id class=\"brz-css-d30qC brz-wrapper\">\n<div class=\"brz-line brz-line-default brz-css-wmaaJ brz-css-bh0E_\" data-brz-custom-id=\"vmpwwmpesjamvtmdsamfginuyinntrvdjkxa\">\n<hr class=\"brz-hr\"><\/div>\n<\/div>\n<div id class=\"brz-css-d30qC brz-css-gVVj6 brz-css-bDU14 brz-wrapper\">\n<div class=\"brz-spacer brz-css-gYqn7 brz-css-rKK_F\"><\/div>\n<\/div>\n<div class=\"brz-row__container brz-css-cJvkU\" data-brz-custom-id=\"isvfiwmjzkfmjunjadgsvioinlgygvkqqkod\">\n<div class=\"brz-bg\"><\/div>\n<div class=\"brz-row brz-css-q0ZNJ brz-css-vKktu\">\n<div class=\"brz-columns brz-css-lfMfa brz-css-tf9_u\" data-brz-custom-id=\"sdplmjfnetrfovddrsviwkjbeyrhznliieev\">\n<div class=\"brz-bg\"><\/div>\n<div class=\"brz-column__items brz-css-esr3E brz-css-vkGxd\">\n<div id class=\"brz-css-d30qC brz-wrapper\">\n<div class=\"brz-rich-text brz-rich-text__custom brz-css-qCcYy\" data-brz-custom-id=\"ahjsvgowaangxeboibvdrhmmtdazroanlzlq\">\n<div data-brz-translate-text=\"1\">\n<p class=\"brz-tp-lg-paragraph brz-text-xs-center brz-css-bwpS1\" data-uniq-id=\"zoxwo\" data-generated-css=\"brz-css-isdjp\"><span class=\"brz-cp-color6\">&copy; Aven O&Uuml; 2022<\/span><\/p>\n<\/div>\n<\/div>\n<\/div>\n<\/div>\n<\/div>\n<div class=\"brz-columns brz-css-lfMfa brz-css-tPvnt\" data-brz-custom-id=\"tajkzifuilqkxftguudpzvlbncmsuhdbavnp\">\n<div class=\"brz-bg\"><\/div>\n<div class=\"brz-column__items brz-css-esr3E brz-css-dceaD\">\n<div class=\"brz-wrapper-clone brz-css-sFT24\">\n<div class=\"brz-d-xs-flex brz-flex-xs-wrap brz-css-u0Yrf brz-css-mlgQ_\" data-brz-custom-id>\n<div class=\"brz-wrapper-clone__item\" id=\"bgrbuiozxoxczhwxiamaigbnujozursqbrkb\">\n<div class=\"brz-icon__container\" data-brz-custom-id=\"bgrbuiozxoxczhwxiamaigbnujozursqbrkb\"><a class=\"brz-a\" href=\"https:\/\/www.youtube.com\/channel\/UCEO2y6TKl3cCS3OETlVI9iA\" target=\"_blank\" rel=\"noopener\" data-brz-link-type=\"external\"><span class=\"brz-icon brz-span brz-css-x_PF4 brz-css-jzXxN\"><\/span><\/a><\/div>\n<\/div>\n<\/div>\n<\/div>\n<\/div>\n<\/div>\n<\/div>\n<\/div>\n<\/div>\n<\/div>\n<\/section>\n<\/div>\n<p><!-- version:1721291288 --><\/p>\n","protected":false},"excerpt":{"rendered":"<p>Targad ja innovaatilised lahendused TEGEVUSVALDKONNAD AVEN O&Uuml; on keevitusettev&otilde;te, mille peamine tegevusvaldkond on terasest t&ouml;&ouml;stus- ja ehituskonstruktsioonide tootmine. Meie peamiseks sihtgrupiks on B2B ja projektijuhtimisettev&otilde;tted, valmistame t&ouml;&ouml;stuslikke teraskonstruktsioone ning kandvaid ja mittekandvad ehituskonstruktsioone. Oleme v&otilde;imelised tootma erinevaid ISO 1090-2:2018 ja EN 1090-3:2019 standarditele ning EXC3 ja 3834-2 teostusklassile vastavaid teraskonstruktsioone. LOE LISAKS Tegevusvaldkonnad T&ouml;&ouml;stuslikud teraskonstruktsioonid&hellip; <a class=\"more-link\" href=\"https:\/\/testsite.aven.ee\/et\">Continue reading <span class=\"screen-reader-text\">Esileht<\/span><\/a><\/p>\n","protected":false},"author":1,"featured_media":0,"parent":0,"menu_order":0,"comment_status":"closed","ping_status":"closed","template":"brizy-blank-template.php","meta":{"footnotes":""},"class_list":["post-7","page","type-page","status-publish","hentry","entry"],"yoast_head":"<!-- This site is optimized with the Yoast SEO plugin v27.4 - https:\/\/yoast.com\/product\/yoast-seo-wordpress\/ -->\n<title>Esileht - Aven<\/title>\n<meta name=\"description\" content=\"AVEN O\u00dc on keevitusettev\u00f5te, mille peamine tegevusvaldkond on terasest t\u00f6\u00f6stus- ja ehituskonstruktsioonide tootmine.\" \/>\n<meta name=\"robots\" content=\"index, follow, max-snippet:-1, max-image-preview:large, max-video-preview:-1\" \/>\n<link rel=\"canonical\" href=\"http:\/\/testsite.aven.ee\/et\/\" \/>\n<meta property=\"og:locale\" content=\"et_EE\" \/>\n<meta property=\"og:type\" content=\"article\" \/>\n<meta property=\"og:title\" content=\"Esileht - Aven\" \/>\n<meta property=\"og:description\" content=\"AVEN O\u00dc on keevitusettev\u00f5te, mille peamine tegevusvaldkond on terasest t\u00f6\u00f6stus- ja ehituskonstruktsioonide tootmine.\" \/>\n<meta property=\"og:url\" content=\"http:\/\/testsite.aven.ee\/et\/\" \/>\n<meta property=\"og:site_name\" content=\"Aven\" \/>\n<meta property=\"article:modified_time\" content=\"2024-07-18T08:28:08+00:00\" \/>\n<meta name=\"twitter:card\" content=\"summary_large_image\" \/>\n<meta name=\"twitter:label1\" content=\"Est. reading time\" \/>\n\t<meta name=\"twitter:data1\" content=\"1 minut\" \/>\n<script type=\"application\/ld+json\" class=\"yoast-schema-graph\">{\"@context\":\"https:\\\/\\\/schema.org\",\"@graph\":[{\"@type\":\"WebPage\",\"@id\":\"http:\\\/\\\/testsite.aven.ee\\\/et\\\/\",\"url\":\"http:\\\/\\\/testsite.aven.ee\\\/et\\\/\",\"name\":\"Esileht - Aven\",\"isPartOf\":{\"@id\":\"http:\\\/\\\/testsite.aven.ee\\\/et\\\/#website\"},\"datePublished\":\"2021-05-30T15:54:49+00:00\",\"dateModified\":\"2024-07-18T08:28:08+00:00\",\"description\":\"AVEN O\u00dc on keevitusettev\u00f5te, mille peamine tegevusvaldkond on terasest t\u00f6\u00f6stus- ja ehituskonstruktsioonide tootmine.\",\"breadcrumb\":{\"@id\":\"http:\\\/\\\/testsite.aven.ee\\\/et\\\/#breadcrumb\"},\"inLanguage\":\"et\",\"potentialAction\":[{\"@type\":\"ReadAction\",\"target\":[\"http:\\\/\\\/testsite.aven.ee\\\/et\\\/\"]}]},{\"@type\":\"BreadcrumbList\",\"@id\":\"http:\\\/\\\/testsite.aven.ee\\\/et\\\/#breadcrumb\",\"itemListElement\":[{\"@type\":\"ListItem\",\"position\":1,\"name\":\"Home\",\"item\":\"http:\\\/\\\/testsite.aven.ee\\\/et\\\/\"},{\"@type\":\"ListItem\",\"position\":2,\"name\":\"Esileht\"}]},{\"@type\":\"WebSite\",\"@id\":\"http:\\\/\\\/testsite.aven.ee\\\/et\\\/#website\",\"url\":\"http:\\\/\\\/testsite.aven.ee\\\/et\\\/\",\"name\":\"Aven\",\"description\":\"Aven O\u00dc\u2013kandvate teraselementide tootmine\",\"potentialAction\":[{\"@type\":\"SearchAction\",\"target\":{\"@type\":\"EntryPoint\",\"urlTemplate\":\"http:\\\/\\\/testsite.aven.ee\\\/et\\\/?s={search_term_string}\"},\"query-input\":{\"@type\":\"PropertyValueSpecification\",\"valueRequired\":true,\"valueName\":\"search_term_string\"}}],\"inLanguage\":\"et\"}]}<\/script>\n<!-- \/ Yoast SEO plugin. -->","yoast_head_json":{"title":"Esileht - Aven","description":"AVEN O\u00dc on keevitusettev\u00f5te, mille peamine tegevusvaldkond on terasest t\u00f6\u00f6stus- ja ehituskonstruktsioonide tootmine.","robots":{"index":"index","follow":"follow","max-snippet":"max-snippet:-1","max-image-preview":"max-image-preview:large","max-video-preview":"max-video-preview:-1"},"canonical":"http:\/\/testsite.aven.ee\/et\/","og_locale":"et_EE","og_type":"article","og_title":"Esileht - Aven","og_description":"AVEN O\u00dc on keevitusettev\u00f5te, mille peamine tegevusvaldkond on terasest t\u00f6\u00f6stus- ja ehituskonstruktsioonide tootmine.","og_url":"http:\/\/testsite.aven.ee\/et\/","og_site_name":"Aven","article_modified_time":"2024-07-18T08:28:08+00:00","twitter_card":"summary_large_image","twitter_misc":{"Est. reading time":"1 minut"},"schema":{"@context":"https:\/\/schema.org","@graph":[{"@type":"WebPage","@id":"http:\/\/testsite.aven.ee\/et\/","url":"http:\/\/testsite.aven.ee\/et\/","name":"Esileht - Aven","isPartOf":{"@id":"http:\/\/testsite.aven.ee\/et\/#website"},"datePublished":"2021-05-30T15:54:49+00:00","dateModified":"2024-07-18T08:28:08+00:00","description":"AVEN O\u00dc on keevitusettev\u00f5te, mille peamine tegevusvaldkond on terasest t\u00f6\u00f6stus- ja ehituskonstruktsioonide tootmine.","breadcrumb":{"@id":"http:\/\/testsite.aven.ee\/et\/#breadcrumb"},"inLanguage":"et","potentialAction":[{"@type":"ReadAction","target":["http:\/\/testsite.aven.ee\/et\/"]}]},{"@type":"BreadcrumbList","@id":"http:\/\/testsite.aven.ee\/et\/#breadcrumb","itemListElement":[{"@type":"ListItem","position":1,"name":"Home","item":"http:\/\/testsite.aven.ee\/et\/"},{"@type":"ListItem","position":2,"name":"Esileht"}]},{"@type":"WebSite","@id":"http:\/\/testsite.aven.ee\/et\/#website","url":"http:\/\/testsite.aven.ee\/et\/","name":"Aven","description":"Aven O\u00dc\u2013kandvate teraselementide tootmine","potentialAction":[{"@type":"SearchAction","target":{"@type":"EntryPoint","urlTemplate":"http:\/\/testsite.aven.ee\/et\/?s={search_term_string}"},"query-input":{"@type":"PropertyValueSpecification","valueRequired":true,"valueName":"search_term_string"}}],"inLanguage":"et"}]}},"_links":{"self":[{"href":"https:\/\/testsite.aven.ee\/et\/wp-json\/wp\/v2\/pages\/7","targetHints":{"allow":["GET"]}}],"collection":[{"href":"https:\/\/testsite.aven.ee\/et\/wp-json\/wp\/v2\/pages"}],"about":[{"href":"https:\/\/testsite.aven.ee\/et\/wp-json\/wp\/v2\/types\/page"}],"author":[{"embeddable":true,"href":"https:\/\/testsite.aven.ee\/et\/wp-json\/wp\/v2\/users\/1"}],"replies":[{"embeddable":true,"href":"https:\/\/testsite.aven.ee\/et\/wp-json\/wp\/v2\/comments?post=7"}],"version-history":[{"count":5,"href":"https:\/\/testsite.aven.ee\/et\/wp-json\/wp\/v2\/pages\/7\/revisions"}],"predecessor-version":[{"id":17578,"href":"https:\/\/testsite.aven.ee\/et\/wp-json\/wp\/v2\/pages\/7\/revisions\/17578"}],"wp:attachment":[{"href":"https:\/\/testsite.aven.ee\/et\/wp-json\/wp\/v2\/media?parent=7"}],"curies":[{"name":"wp","href":"https:\/\/api.w.org\/{rel}","templated":true}]}}